{"id":138,"date":"2023-10-30T12:29:06","date_gmt":"2023-10-30T12:29:06","guid":{"rendered":"https:\/\/www.hplaw.ao\/?page_id=138"},"modified":"2023-12-06T09:11:18","modified_gmt":"2023-12-06T09:11:18","slug":"equipa","status":"publish","type":"page","link":"https:\/\/www.hplaw.ao\/?page_id=138","title":{"rendered":"Equipa"},"content":{"rendered":"\t\t<div data-elementor-type=\"wp-page\" data-elementor-id=\"138\" class=\"elementor elementor-138\">\n\t\t\t\t\t\t<section class=\"elementor-section elementor-top-section elementor-element elementor-element-6c5cc4b7 elementor-section-boxed elementor-section-height-default elementor-section-height-default wpr-particle-no wpr-jarallax-no wpr-parallax-no wpr-sticky-section-no\" data-id=\"6c5cc4b7\" data-element_type=\"section\" data-e-type=\"section\" data-settings=\"{&quot;background_background&quot;:&quot;classic&quot;}\">\n\t\t\t\t\t\t\t<div class=\"elementor-background-overlay\"><\/div>\n\t\t\t\t\t\t\t<div class=\"elementor-container elementor-column-gap-default\">\n\t\t\t\t\t<div class=\"elementor-column elementor-col-100 elementor-top-column elementor-element elementor-element-16a181b9\" data-id=\"16a181b9\" data-element_type=\"column\" data-e-type=\"column\">\n\t\t\t<div class=\"elementor-widget-wrap elementor-element-populated\">\n\t\t\t\t\t\t<div class=\"elementor-element elementor-element-4680513b elementor-widget elementor-widget-heading\" data-id=\"4680513b\" data-element_type=\"widget\" data-e-type=\"widget\" data-widget_type=\"heading.default\">\n\t\t\t\t<div class=\"elementor-widget-container\">\n\t\t\t\t\t<h5 class=\"elementor-heading-title elementor-size-default\">A NOSSA EQUIPA<\/h5>\t\t\t\t<\/div>\n\t\t\t\t<\/div>\n\t\t\t\t\t<\/div>\n\t\t<\/div>\n\t\t\t\t\t<\/div>\n\t\t<\/section>\n\t\t\t\t<section class=\"elementor-section elementor-top-section elementor-element elementor-element-25ef9fb0 elementor-section-boxed elementor-section-height-default elementor-section-height-default wpr-particle-no wpr-jarallax-no wpr-parallax-no wpr-sticky-section-no\" data-id=\"25ef9fb0\" data-element_type=\"section\" data-e-type=\"section\">\n\t\t\t\t\t\t\t<div class=\"elementor-background-overlay\"><\/div>\n\t\t\t\t\t\t\t<div class=\"elementor-container elementor-column-gap-default\">\n\t\t\t\t\t<div class=\"elementor-column elementor-col-100 elementor-top-column elementor-element elementor-element-299f7a1b\" data-id=\"299f7a1b\" data-element_type=\"column\" data-e-type=\"column\">\n\t\t\t<div class=\"elementor-widget-wrap elementor-element-populated\">\n\t\t\t\t\t\t<section class=\"elementor-section elementor-inner-section elementor-element elementor-element-3c66570a elementor-section-boxed elementor-section-height-default elementor-section-height-default wpr-particle-no wpr-jarallax-no wpr-parallax-no wpr-sticky-section-no\" data-id=\"3c66570a\" data-element_type=\"section\" data-e-type=\"section\">\n\t\t\t\t\t\t<div class=\"elementor-container elementor-column-gap-default\">\n\t\t\t\t\t<div class=\"elementor-column elementor-col-50 elementor-inner-column elementor-element elementor-element-1d718453\" data-id=\"1d718453\" data-element_type=\"column\" data-e-type=\"column\">\n\t\t\t<div class=\"elementor-widget-wrap elementor-element-populated\">\n\t\t\t\t\t\t<div class=\"elementor-element elementor-element-2e83099b elementor-invisible elementor-widget elementor-widget-heading\" data-id=\"2e83099b\" data-element_type=\"widget\" data-e-type=\"widget\" data-settings=\"{&quot;_animation&quot;:&quot;fadeInUp&quot;}\" data-widget_type=\"heading.default\">\n\t\t\t\t<div class=\"elementor-widget-container\">\n\t\t\t\t\t<h2 class=\"elementor-heading-title elementor-size-default\">Conhecimento Local\nExperi\u00eancia Global<\/h2>\t\t\t\t<\/div>\n\t\t\t\t<\/div>\n\t\t\t\t\t<\/div>\n\t\t<\/div>\n\t\t\t\t<div class=\"elementor-column elementor-col-50 elementor-inner-column elementor-element elementor-element-2e2992bb\" data-id=\"2e2992bb\" data-element_type=\"column\" data-e-type=\"column\">\n\t\t\t<div class=\"elementor-widget-wrap elementor-element-populated\">\n\t\t\t\t\t\t<div class=\"elementor-element elementor-element-3373351 elementor-widget elementor-widget-text-editor\" data-id=\"3373351\" data-element_type=\"widget\" data-e-type=\"widget\" data-widget_type=\"text-editor.default\">\n\t\t\t\t<div class=\"elementor-widget-container\">\n\t\t\t\t\t\t\t\t\t<p>A nossa equipa jur\u00eddica diversificada, composta por profissionais experientes, incorpora a excel\u00eancia no direito. Desde os direitos civis e o direito da fam\u00edlia at\u00e9 \u00e0 defesa corporativa e criminal, temos uma vasta gama de conhecimentos, fornecendo solu\u00e7\u00f5es jur\u00eddicas sem paralelo com precis\u00e3o, empatia e dedica\u00e7\u00e3o inabal\u00e1vel.<\/p>\t\t\t\t\t\t\t\t<\/div>\n\t\t\t\t<\/div>\n\t\t\t\t\t<\/div>\n\t\t<\/div>\n\t\t\t\t\t<\/div>\n\t\t<\/section>\n\t\t\t\t\t<\/div>\n\t\t<\/div>\n\t\t\t\t\t<\/div>\n\t\t<\/section>\n\t\t\t\t<section class=\"elementor-section elementor-top-section elementor-element elementor-element-1b9b892b0 elementor-section-boxed elementor-section-height-default elementor-section-height-default wpr-particle-no wpr-jarallax-no wpr-parallax-no wpr-sticky-section-no\" data-id=\"1b9b892b0\" data-element_type=\"section\" data-e-type=\"section\">\n\t\t\t\t\t\t<div class=\"elementor-container elementor-column-gap-default\">\n\t\t\t\t\t<div class=\"elementor-column elementor-col-100 elementor-top-column elementor-element elementor-element-3a76032d\" data-id=\"3a76032d\" data-element_type=\"column\" data-e-type=\"column\">\n\t\t\t<div class=\"elementor-widget-wrap elementor-element-populated\">\n\t\t\t\t\t\t<section class=\"elementor-section elementor-inner-section elementor-element elementor-element-51d3c4b4 elementor-section-boxed elementor-section-height-default elementor-section-height-default wpr-particle-no wpr-jarallax-no wpr-parallax-no wpr-sticky-section-no\" data-id=\"51d3c4b4\" data-element_type=\"section\" data-e-type=\"section\">\n\t\t\t\t\t\t<div class=\"elementor-container elementor-column-gap-extended\">\n\t\t\t\t\t<div class=\"elementor-column elementor-col-33 elementor-inner-column elementor-element elementor-element-71fb2126 elementor-invisible\" data-id=\"71fb2126\" data-element_type=\"column\" data-e-type=\"column\" data-settings=\"{&quot;animation&quot;:&quot;fadeIn&quot;}\">\n\t\t\t<div class=\"elementor-widget-wrap elementor-element-populated\">\n\t\t\t\t\t\t<div class=\"elementor-element elementor-element-553615b9 wpr-team-member-divider-center elementor-widget elementor-widget-wpr-team-member\" data-id=\"553615b9\" data-element_type=\"widget\" data-e-type=\"widget\" data-widget_type=\"wpr-team-member.default\">\n\t\t\t\t<div class=\"elementor-widget-container\">\n\t\t\t\t\t\n\t<div class=\"wpr-team-member\">\n\t\t\t\t\t\n\t\t\t<div class=\"wpr-member-media\">\n\t\t\t\t<div class=\"wpr-member-image\">\n\t\t\t\t\t<img decoding=\"async\" src=\"https:\/\/www.hplaw.ao\/wp-content\/uploads\/2023\/12\/Carlos-De-Brito.png\" alt=\"Helder D. Siliveli\">\n\t\t\t\t<\/div>\n\t\t\t\t\t\t\t<\/div>\n\t\t\t\t\n\t\t\n\t\t<div class=\"wpr-member-content\">\n\t\t\t<h3 class=\"wpr-member-name\">Helder D. Siliveli<\/h3>\n\t\t\t\n\t\t\t\t\t\t\t<div class=\"wpr-member-job\">S\u00d3CIO MARIORIT\u00c1RIO<\/div>\n\t\t\t\n\t\t\t\t\t\t\t<div class=\"wpr-member-divider\"><\/div>\n\t\t\t\n\t\t\t\t\t\t\t<div class=\"wpr-member-description\">Profissional jur\u00eddica experiente, traz uma riqueza de experi\u00eancia e conhecimentos para a \u00e1rea do direito. Especializada em direitos civis e direito da fam\u00edlia, dedicou a sua carreira \u00e0 defesa da justi\u00e7a e da equidade.<\/div>\n\t\t\t\t\t\t\n\t\t\t\t\t<\/div>\n\n\t\t\t<\/div>\n\n\t\t\t\t\t<\/div>\n\t\t\t\t<\/div>\n\t\t\t\t\t<\/div>\n\t\t<\/div>\n\t\t\t\t<div class=\"elementor-column elementor-col-33 elementor-inner-column elementor-element elementor-element-0dd73af elementor-invisible\" data-id=\"0dd73af\" data-element_type=\"column\" data-e-type=\"column\" data-settings=\"{&quot;animation&quot;:&quot;fadeIn&quot;}\">\n\t\t\t<div class=\"elementor-widget-wrap elementor-element-populated\">\n\t\t\t\t\t\t<div class=\"elementor-element elementor-element-b23b087 wpr-team-member-divider-center elementor-widget elementor-widget-wpr-team-member\" data-id=\"b23b087\" data-element_type=\"widget\" data-e-type=\"widget\" data-widget_type=\"wpr-team-member.default\">\n\t\t\t\t<div class=\"elementor-widget-container\">\n\t\t\t\t\t\n\t<div class=\"wpr-team-member\">\n\t\t\t\t\t\n\t\t\t<div class=\"wpr-member-media\">\n\t\t\t\t<div class=\"wpr-member-image\">\n\t\t\t\t\t<img decoding=\"async\" src=\"https:\/\/www.hplaw.ao\/wp-content\/uploads\/2023\/11\/Carlos-De-Brito.png\" alt=\"Carlos De Brito\">\n\t\t\t\t<\/div>\n\t\t\t\t\t\t\t<\/div>\n\t\t\t\t\n\t\t\n\t\t<div class=\"wpr-member-content\">\n\t\t\t<h3 class=\"wpr-member-name\">Carlos De Brito<\/h3>\n\t\t\t\n\t\t\t\t\t\t\t<div class=\"wpr-member-job\">S\u00d3CIO - USA<\/div>\n\t\t\t\n\t\t\t\t\t\t\t<div class=\"wpr-member-divider\"><\/div>\n\t\t\t\n\t\t\t\t\t\t\t<div class=\"wpr-member-description\">Um distinto advogado, \u00e9 conhecido pela sua abordagem meticulosa aos lit\u00edgios e pela sua proeza estrat\u00e9gica na sala de audi\u00eancias. Especializado em direito societ\u00e1rio e propriedade intelectual.<\/div>\n\t\t\t\t\t\t\n\t\t\t\t\t<\/div>\n\n\t\t\t<\/div>\n\n\t\t\t\t\t<\/div>\n\t\t\t\t<\/div>\n\t\t\t\t\t<\/div>\n\t\t<\/div>\n\t\t\t\t<div class=\"elementor-column elementor-col-33 elementor-inner-column elementor-element elementor-element-6541dc35 elementor-invisible\" data-id=\"6541dc35\" data-element_type=\"column\" data-e-type=\"column\" data-settings=\"{&quot;animation&quot;:&quot;fadeIn&quot;}\">\n\t\t\t<div class=\"elementor-widget-wrap elementor-element-populated\">\n\t\t\t\t\t\t<div class=\"elementor-element elementor-element-832a5ee wpr-team-member-divider-center elementor-widget elementor-widget-wpr-team-member\" data-id=\"832a5ee\" data-element_type=\"widget\" data-e-type=\"widget\" data-widget_type=\"wpr-team-member.default\">\n\t\t\t\t<div class=\"elementor-widget-container\">\n\t\t\t\t\t\n\t<div class=\"wpr-team-member\">\n\t\t\t\t\t\n\t\t\t<div class=\"wpr-member-media\">\n\t\t\t\t<div class=\"wpr-member-image\">\n\t\t\t\t\t<img decoding=\"async\" src=\"https:\/\/www.hplaw.ao\/wp-content\/uploads\/2023\/11\/ld.png\" alt=\"Aubrey Bravo\">\n\t\t\t\t<\/div>\n\t\t\t\t\t\t\t<\/div>\n\t\t\t\t\n\t\t\n\t\t<div class=\"wpr-member-content\">\n\t\t\t<h3 class=\"wpr-member-name\">Aubrey Bravo<\/h3>\n\t\t\t\n\t\t\t\t\t\t\t<div class=\"wpr-member-job\">ADVOGADA S\u00c9NIOR<\/div>\n\t\t\t\n\t\t\t\t\t\t\t<div class=\"wpr-member-divider\"><\/div>\n\t\t\t\n\t\t\t\t\t\t\t<div class=\"wpr-member-description\">Profissional jur\u00eddica experiente, traz uma riqueza de experi\u00eancia e conhecimentos para a \u00e1rea do direito. Especializada em direitos civis e direito da fam\u00edlia, dedicou a sua carreira \u00e0 defesa da justi\u00e7a e da equidade.<\/div>\n\t\t\t\t\t\t\n\t\t\t\t\t<\/div>\n\n\t\t\t<\/div>\n\n\t\t\t\t\t<\/div>\n\t\t\t\t<\/div>\n\t\t\t\t\t<\/div>\n\t\t<\/div>\n\t\t\t\t\t<\/div>\n\t\t<\/section>\n\t\t\t\t<section class=\"elementor-section elementor-inner-section elementor-element elementor-element-6aa4790 elementor-section-boxed elementor-section-height-default elementor-section-height-default wpr-particle-no wpr-jarallax-no wpr-parallax-no wpr-sticky-section-no\" data-id=\"6aa4790\" data-element_type=\"section\" data-e-type=\"section\">\n\t\t\t\t\t\t<div class=\"elementor-container elementor-column-gap-extended\">\n\t\t\t\t\t<div class=\"elementor-column elementor-col-33 elementor-inner-column elementor-element elementor-element-2e57326 elementor-invisible\" data-id=\"2e57326\" data-element_type=\"column\" data-e-type=\"column\" data-settings=\"{&quot;animation&quot;:&quot;fadeIn&quot;}\">\n\t\t\t<div class=\"elementor-widget-wrap elementor-element-populated\">\n\t\t\t\t\t\t<div class=\"elementor-element elementor-element-6e7ace4b wpr-team-member-divider-center elementor-widget elementor-widget-wpr-team-member\" data-id=\"6e7ace4b\" data-element_type=\"widget\" data-e-type=\"widget\" data-widget_type=\"wpr-team-member.default\">\n\t\t\t\t<div class=\"elementor-widget-container\">\n\t\t\t\t\t\n\t<div class=\"wpr-team-member\">\n\t\t\t\t\t\n\t\t\t<div class=\"wpr-member-media\">\n\t\t\t\t<div class=\"wpr-member-image\">\n\t\t\t\t\t<img decoding=\"async\" src=\"https:\/\/www.hplaw.ao\/wp-content\/uploads\/2023\/11\/man.png\" alt=\"Flaviano Ch. Tiago\">\n\t\t\t\t<\/div>\n\t\t\t\t\t\t\t<\/div>\n\t\t\t\t\n\t\t\n\t\t<div class=\"wpr-member-content\">\n\t\t\t<h3 class=\"wpr-member-name\">Flaviano Ch. Tiago<\/h3>\n\t\t\t\n\t\t\t\t\t\t\t<div class=\"wpr-member-job\">S\u00d3CIO<\/div>\n\t\t\t\n\t\t\t\t\t\t\t<div class=\"wpr-member-divider\"><\/div>\n\t\t\t\n\t\t\t\t\t\t\t<div class=\"wpr-member-description\">Um distinto advogado, \u00e9 conhecido pela sua abordagem meticulosa aos lit\u00edgios e pela sua proeza estrat\u00e9gica na sala de audi\u00eancias. Especializado em direito societ\u00e1rio e propriedade intelectual.<\/div>\n\t\t\t\t\t\t\n\t\t\t\t\t<\/div>\n\n\t\t\t<\/div>\n\n\t\t\t\t\t<\/div>\n\t\t\t\t<\/div>\n\t\t\t\t\t<\/div>\n\t\t<\/div>\n\t\t\t\t<div class=\"elementor-column elementor-col-33 elementor-inner-column elementor-element elementor-element-98adb2c\" data-id=\"98adb2c\" data-element_type=\"column\" data-e-type=\"column\">\n\t\t\t<div class=\"elementor-widget-wrap\">\n\t\t\t\t\t\t\t<\/div>\n\t\t<\/div>\n\t\t\t\t<div class=\"elementor-column elementor-col-33 elementor-inner-column elementor-element elementor-element-b2f3508\" data-id=\"b2f3508\" data-element_type=\"column\" data-e-type=\"column\">\n\t\t\t<div class=\"elementor-widget-wrap\">\n\t\t\t\t\t\t\t<\/div>\n\t\t<\/div>\n\t\t\t\t\t<\/div>\n\t\t<\/section>\n\t\t\t\t\t<\/div>\n\t\t<\/div>\n\t\t\t\t\t<\/div>\n\t\t<\/section>\n\t\t\t\t<\/div>\n\t\t","protected":false},"excerpt":{"rendered":"<p>A NOSSA EQUIPA Conhecimento Local Experi\u00eancia Global A nossa equipa jur\u00eddica diversificada, composta por profissionais experientes, incorpora a excel\u00eancia no direito. Desde os direitos civis e o direito da fam\u00edlia at\u00e9 \u00e0 defesa corporativa e criminal, temos uma vasta gama de conhecimentos, fornecendo solu\u00e7\u00f5es jur\u00eddicas sem paralelo com precis\u00e3o, empatia e dedica\u00e7\u00e3o inabal\u00e1vel. Helder D. Siliveli S\u00d3CIO MARIORIT\u00c1RIO Profissional jur\u00eddica experiente, traz uma riqueza de experi\u00eancia e conhecimentos para a \u00e1rea do direito. Especializada em direitos civis e direito da fam\u00edlia, dedicou a sua carreira \u00e0 defesa da justi\u00e7a e da equidade. Carlos De Brito S\u00d3CIO &#8211; USA Um distinto advogado, \u00e9 conhecido pela sua abordagem meticulosa aos lit\u00edgios e pela sua proeza estrat\u00e9gica na sala de audi\u00eancias. Especializado em direito societ\u00e1rio e propriedade intelectual. Aubrey Bravo ADVOGADA S\u00c9NIOR Profissional jur\u00eddica experiente, traz uma riqueza de experi\u00eancia e conhecimentos para a \u00e1rea do direito. Especializada em direitos civis e direito da fam\u00edlia, dedicou a sua carreira \u00e0 defesa da justi\u00e7a e da equidade. Flaviano Ch. Tiago S\u00d3CIO Um distinto advogado, \u00e9 conhecido pela sua abordagem meticulosa aos lit\u00edgios e pela sua proeza estrat\u00e9gica na sala de audi\u00eancias. Especializado em direito societ\u00e1rio e propriedade intelectual.<\/p>\n","protected":false},"author":1,"featured_media":0,"parent":0,"menu_order":0,"comment_status":"closed","ping_status":"closed","template":"","meta":{"site-sidebar-layout":"no-sidebar","site-content-layout":"","ast-site-content-layout":"full-width-container","site-content-style":"default","site-sidebar-style":"default","ast-global-header-display":"","ast-banner-title-visibility":"","ast-main-header-display":"","ast-hfb-above-header-display":"","ast-hfb-below-header-display":"","ast-hfb-mobile-header-display":"","site-post-title":"disabled","ast-breadcrumbs-content":"","ast-featured-img":"disabled","footer-sml-layout":"","ast-disable-related-posts":"","theme-transparent-header-meta":"","adv-header-id-meta":"","stick-header-meta":"","header-above-stick-meta":"","header-main-stick-meta":"","header-below-stick-meta":"","astra-migrate-meta-layouts":"default","ast-page-background-enabled":"default","ast-page-background-meta":{"desktop":{"background-color":"var(--ast-global-color-4)","background-image":"","background-repeat":"repeat","background-position":"center center","background-size":"auto","background-attachment":"scroll","background-type":"","background-media":"","overlay-type":"","overlay-color":"","overlay-opacity":"","overlay-gradient":""},"tablet":{"background-color":"","background-image":"","background-repeat":"repeat","background-position":"center center","background-size":"auto","background-attachment":"scroll","background-type":"","background-media":"","overlay-type":"","overlay-color":"","overlay-opacity":"","overlay-gradient":""},"mobile":{"background-color":"","background-image":"","background-repeat":"repeat","background-position":"center center","background-size":"auto","background-attachment":"scroll","background-type":"","background-media":"","overlay-type":"","overlay-color":"","overlay-opacity":"","overlay-gradient":""}},"ast-content-background-meta":{"desktop":{"background-color":"var(--ast-global-color-5)","background-image":"","background-repeat":"repeat","background-position":"center center","background-size":"auto","background-attachment":"scroll","background-type":"","background-media":"","overlay-type":"","overlay-color":"","overlay-opacity":"","overlay-gradient":""},"tablet":{"background-color":"var(--ast-global-color-5)","background-image":"","background-repeat":"repeat","background-position":"center center","background-size":"auto","background-attachment":"scroll","background-type":"","background-media":"","overlay-type":"","overlay-color":"","overlay-opacity":"","overlay-gradient":""},"mobile":{"background-color":"var(--ast-global-color-5)","background-image":"","background-repeat":"repeat","background-position":"center center","background-size":"auto","background-attachment":"scroll","background-type":"","background-media":"","overlay-type":"","overlay-color":"","overlay-opacity":"","overlay-gradient":""}},"footnotes":""},"class_list":["post-138","page","type-page","status-publish","hentry"],"_links":{"self":[{"href":"https:\/\/www.hplaw.ao\/index.php?rest_route=\/wp\/v2\/pages\/138","targetHints":{"allow":["GET"]}}],"collection":[{"href":"https:\/\/www.hplaw.ao\/index.php?rest_route=\/wp\/v2\/pages"}],"about":[{"href":"https:\/\/www.hplaw.ao\/index.php?rest_route=\/wp\/v2\/types\/page"}],"author":[{"embeddable":true,"href":"https:\/\/www.hplaw.ao\/index.php?rest_route=\/wp\/v2\/users\/1"}],"replies":[{"embeddable":true,"href":"https:\/\/www.hplaw.ao\/index.php?rest_route=%2Fwp%2Fv2%2Fcomments&post=138"}],"version-history":[{"count":77,"href":"https:\/\/www.hplaw.ao\/index.php?rest_route=\/wp\/v2\/pages\/138\/revisions"}],"predecessor-version":[{"id":1293,"href":"https:\/\/www.hplaw.ao\/index.php?rest_route=\/wp\/v2\/pages\/138\/revisions\/1293"}],"wp:attachment":[{"href":"https:\/\/www.hplaw.ao\/index.php?rest_route=%2Fwp%2Fv2%2Fmedia&parent=138"}],"curies":[{"name":"wp","href":"https:\/\/api.w.org\/{rel}","templated":true}]}}